{"id":91,"date":"2020-01-20T14:13:31","date_gmt":"2020-01-20T13:13:31","guid":{"rendered":"https:\/\/www.levergerdechamplion.org\/?page_id=91"},"modified":"2026-01-28T09:13:53","modified_gmt":"2026-01-28T08:13:53","slug":"accueil","status":"publish","type":"page","link":"https:\/\/levergerdechamplion.org\/","title":{"rendered":"Accueil"},"content":{"rendered":"\n<figure class=\"wp-block-image size-large is-resized\"><img loading=\"lazy\" src=\"https:\/\/levergerdechamplion.org\/wp-content\/uploads\/2021\/01\/verger-1024x484.jpg\" alt=\"champlion\" class=\"wp-image-1246\" width=\"1209\" height=\"571\" srcset=\"https:\/\/levergerdechamplion.org\/wp-content\/uploads\/2021\/01\/verger-1024x484.jpg 1024w, https:\/\/levergerdechamplion.org\/wp-content\/uploads\/2021\/01\/verger-300x142.jpg 300w, https:\/\/levergerdechamplion.org\/wp-content\/uploads\/2021\/01\/verger-768x363.jpg 768w, https:\/\/levergerdechamplion.org\/wp-content\/uploads\/2021\/01\/verger-1536x726.jpg 1536w, https:\/\/levergerdechamplion.org\/wp-content\/uploads\/2021\/01\/verger-2048x969.jpg 2048w\" sizes=\"(max-width: 1209px) 100vw, 1209px\" \/><\/figure>\n\n\n<p>Le Verger de Champlion est une association coop\u00e9rative. Elle est n\u00e9e de la volont\u00e9 de maintenir ouverte une maison de campagne. Situ\u00e9e loin du stress et de la vie urbaine, l&rsquo;association se bat pour que le Verger de Champlion reste un lieu vivant d&rsquo;amiti\u00e9, de musique et de partage.<\/p>\n<article data-id=\"1464\"><\/article>\n<h2>Meilleurs voeux 2026 !<\/h2>\n<p>Une bonne ann\u00e9e de plus \u00e0 tous, paisible et chaleureuse autant que possible, et sinon, r\u00e9confort\u00e9e par les pr\u00e9sences amicales ou familiales .<\/p>\n<p><a href=\"https:\/\/levergerdechamplion.org\/?p=1567\">Lire plus<\/a><\/p>\n<p><img loading=\"lazy\" class=\"alignnone  wp-image-1572\" src=\"https:\/\/levergerdechamplion.org\/wp-content\/uploads\/2026\/01\/champlionHiver3-300x225.jpg\" alt=\"\" width=\"507\" height=\"380\" srcset=\"https:\/\/levergerdechamplion.org\/wp-content\/uploads\/2026\/01\/champlionHiver3-300x225.jpg 300w, https:\/\/levergerdechamplion.org\/wp-content\/uploads\/2026\/01\/champlionHiver3.jpg 590w\" sizes=\"(max-width: 507px) 100vw, 507px\" \/><\/p>\n<p>\u00a0<\/p>\n<h2><a href=\"https:\/\/levergerdechamplion.org\/?p=1535\">Pressage de l&rsquo;automne 2025<\/a><\/h2>\n<p>Un bien bon samedi ensoleill\u00e9 de pressage et remplissage des f\u00fbts. 402 kg ont donn\u00e9 290l de jus&#8230;<\/p>\n<p><a href=\"https:\/\/levergerdechamplion.org\/?p=1535\">Lire plus<\/a><\/p>\n<p><img loading=\"lazy\" class=\"alignnone  wp-image-1546\" src=\"https:\/\/levergerdechamplion.org\/wp-content\/uploads\/2025\/11\/IMG_4657-1-1-300x225.jpeg\" alt=\"\" width=\"512\" height=\"385\" srcset=\"https:\/\/levergerdechamplion.org\/wp-content\/uploads\/2025\/11\/IMG_4657-1-1-300x225.jpeg 300w, https:\/\/levergerdechamplion.org\/wp-content\/uploads\/2025\/11\/IMG_4657-1-1-768x576.jpeg 768w, https:\/\/levergerdechamplion.org\/wp-content\/uploads\/2025\/11\/IMG_4657-1-1.jpeg 1024w\" sizes=\"(max-width: 512px) 100vw, 512px\" \/><\/p>\n<p>\u00a0<\/p>\n<article data-id=\"1464\"><header>\n<h2><a title=\"mars \u00e0 mai 2022 : Le temps passe vite au vert\" href=\"https:\/\/levergerdechamplion.org\/?p=1464\">mars \u00e0 mai 2022 : Le temps passe vite au vert<\/a><\/h2>\n<\/header>\n<p>Quelques temps sans infos, les activit\u00e9s du jour et les&#8230;<\/p>\n<p><a href=\"https:\/\/levergerdechamplion.org\/?p=1464\">Lire plus<\/a><\/p>\n<\/article>\n<article data-id=\"1440\"><img loading=\"lazy\" src=\"https:\/\/levergerdechamplion.org\/wp-content\/uploads\/2021\/12\/20211029_222626-225x300.jpg\" sizes=\"(max-width: 225px) 100vw, 225px\" srcset=\"https:\/\/levergerdechamplion.org\/wp-content\/uploads\/2021\/12\/20211029_222626-225x300.jpg 225w, https:\/\/levergerdechamplion.org\/wp-content\/uploads\/2021\/12\/20211029_222626-768x1024.jpg 768w, https:\/\/levergerdechamplion.org\/wp-content\/uploads\/2021\/12\/20211029_222626-1152x1536.jpg 1152w, https:\/\/levergerdechamplion.org\/wp-content\/uploads\/2021\/12\/20211029_222626-1536x2048.jpg 1536w, https:\/\/levergerdechamplion.org\/wp-content\/uploads\/2021\/12\/20211029_222626-scaled.jpg 1920w\" alt=\"\" width=\"225\" height=\"300\" \/>\n<p>\u00a0<\/p>\n<header>\n<h2><a title=\"Novembre 2021 : frimas vivifiants\" href=\"https:\/\/levergerdechamplion.org\/?p=1440\">Novembre 2021 : frimas vivifiants<\/a><\/h2>\n<\/header>\n<p>Notre deuxi\u00e8me hiver briard approche, les poulettes ont vu leur&#8230;<\/p>\n<p><a href=\"https:\/\/levergerdechamplion.org\/?p=1440\">Lire plus<\/a><\/p>\n<\/article>\n<article data-id=\"1407\"><img loading=\"lazy\" src=\"https:\/\/levergerdechamplion.org\/wp-content\/uploads\/2021\/10\/2021-09-26-19.24.50-scaled-e1634546223835-300x228.jpg\" sizes=\"(max-width: 300px) 100vw, 300px\" srcset=\"https:\/\/levergerdechamplion.org\/wp-content\/uploads\/2021\/10\/2021-09-26-19.24.50-scaled-e1634546223835-300x228.jpg 300w, https:\/\/levergerdechamplion.org\/wp-content\/uploads\/2021\/10\/2021-09-26-19.24.50-scaled-e1634546223835-1024x778.jpg 1024w, https:\/\/levergerdechamplion.org\/wp-content\/uploads\/2021\/10\/2021-09-26-19.24.50-scaled-e1634546223835-768x584.jpg 768w, https:\/\/levergerdechamplion.org\/wp-content\/uploads\/2021\/10\/2021-09-26-19.24.50-scaled-e1634546223835-1536x1167.jpg 1536w, https:\/\/levergerdechamplion.org\/wp-content\/uploads\/2021\/10\/2021-09-26-19.24.50-scaled-e1634546223835.jpg 1920w\" alt=\"verger de champlion poules\" width=\"300\" height=\"228\" \/>\n<p>\u00a0<\/p>\n<header>\n<h2><a title=\"Nouvelles r\u00e9sidentes\" href=\"https:\/\/levergerdechamplion.org\/?p=1407\">Nouvelles r\u00e9sidentes<\/a><\/h2>\n<\/header>\n<p>Voici l\u2019automne, l\u2019horizon renouvelle ses couleurs et ces jours ci&#8230;<\/p>\n<p><a href=\"https:\/\/levergerdechamplion.org\/?p=1407\">Lire plus<\/a><\/p>\n<\/article>\n<p style=\"text-align: center;\">\u00a0CROWDFUNDING\u00a0<br \/>La volont\u00e9 progresse gr\u00e2ce \u00e0 l&rsquo;espoir et au courage, quelques euros de plus et un peu d&rsquo;humour assurent les succ\u00e8s.<br \/>Dans l&rsquo;attente d&rsquo;une nouvelle promesse \u00e0 tenir, pour notre projet, r\u00e9alisons hors d\u00e9lai celle de 2020.<\/p>\n<p><iframe id=\"haWidget\" style=\"width: 100%; height: 750px; border: none;\" src=\"https:\/\/www.helloasso.com\/associations\/le%20verger%20de%20champlion\/adhesions\/le-verger-de-champlion-adhesion-annuelle\" scrolling=\"auto\"><br \/><\/iframe><\/p>\n<h3 style=\"font-size: 22px; text-align: center;\">Le Verger de Champlion, l&rsquo;asso<\/h3>\n<p>A l&rsquo;origine de ce projet coop\u00e9ratif, une communaut\u00e9 \u00e9clectique d&rsquo;amis qui depuis plusieurs ann\u00e9es se retrouvent le temps d&rsquo;un week-end ou plus, dans cette maison de campagne Seine-et-Marnaise. Capable d&rsquo;accueillir confortablement une quinzaine de personnes, pour s&rsquo;extraire de la solitude parisienne et profiter des joies simples de la nature.<\/p>\n<p><img title=\"81618202_1234283030105012_3554949992881848320_n \u2013 Copie\" src=\"https:\/\/levergerdechamplion.org\/wp-content\/uploads\/2020\/01\/81618202_1234283030105012_3554949992881848320_n-Copie-608x300.jpg\" alt=\"81618202_1234283030105012_3554949992881848320_n - Copie\" \/><\/p>\n<h4 style=\"text-align: center;\">Les as de la d\u00e9brouille<\/h4>\n<p>En 2019, nous avons d\u00e9cid\u00e9 de transformer ce collectif en association, pour nous permettre de mieux en g\u00e9rer le budget et pour pouvoir y accueillir de nouveaux membres, afin de devenir un lieu v\u00e9ritablement ouvert et coop\u00e9ratif.<\/p>\n<p>Le partage et les bonnes volont\u00e9s sont \u00e0 la base du projet. On peut venir au Verger de Champlion pour s&rsquo;y mettre au vert mais aussi pour trouver du soutien, des conseils, ou m\u00eame une assistance pour ses travaux de bricolage ou de m\u00e9canique, car les savoirs et les comp\u00e9tences ne manquent pas.<\/p>\n<p><img loading=\"lazy\" src=\"https:\/\/levergerdechamplion.org\/wp-content\/uploads\/2020\/01\/Mosaique2min-1024x491.jpg\" sizes=\"(max-width: 780px) 100vw, 780px\" srcset=\"https:\/\/levergerdechamplion.org\/wp-content\/uploads\/2020\/01\/Mosaique2min-1024x491.jpg 1024w, https:\/\/levergerdechamplion.org\/wp-content\/uploads\/2020\/01\/Mosaique2min-300x144.jpg 300w, https:\/\/levergerdechamplion.org\/wp-content\/uploads\/2020\/01\/Mosaique2min-768x368.jpg 768w, https:\/\/levergerdechamplion.org\/wp-content\/uploads\/2020\/01\/Mosaique2min.jpg 1200w\" alt=\"\" width=\"780\" height=\"374\" \/><br \/><img loading=\"lazy\" src=\"https:\/\/levergerdechamplion.org\/wp-content\/uploads\/2020\/02\/Mosaique.jpg\" sizes=\"(max-width: 767px) 100vw, 767px\" srcset=\"https:\/\/levergerdechamplion.org\/wp-content\/uploads\/2020\/02\/Mosaique.jpg 767w, https:\/\/levergerdechamplion.org\/wp-content\/uploads\/2020\/02\/Mosaique-300x197.jpg 300w\" alt=\"\" width=\"767\" height=\"504\" \/><br \/><img loading=\"lazy\" src=\"https:\/\/levergerdechamplion.org\/wp-content\/uploads\/2020\/03\/Mosaique3.jpg\" sizes=\"(max-width: 379px) 100vw, 379px\" srcset=\"https:\/\/levergerdechamplion.org\/wp-content\/uploads\/2020\/03\/Mosaique3.jpg 379w, https:\/\/levergerdechamplion.org\/wp-content\/uploads\/2020\/03\/Mosaique3-112x300.jpg 112w\" alt=\"\" width=\"379\" height=\"1016\" \/><\/p>\n<h3 style=\"text-align: center;\" contenteditable=\"true\" data-elementor-setting-key=\"title\" data-pen-placeholder=\"\u00c9crivez ici...\">Activit\u00e9s<\/h3>\n<p>Le terrain offre la possibilit\u00e9 de profiter des dons de la terre au fil des saisons : cerises, cassis, poires, prunes&#8230; Tandis que la r\u00e9colte annuelle des pommes du verger nous permet de produire notre propre cidre. Fleurs et travaux de jardinage sauront attirer les paysagistes en herbe, et bient\u00f4t l\u2019am\u00e9nagement du potager en permaculture viendra augmenter la liste des r\u00e9coltes.<\/p>\n<p>Dans un esprit coop\u00e9ratif et b\u00e9n\u00e9vole, chacun peut participer \u00e0 la vie collective de la maison, selon sa motivation et ses capacit\u00e9s : t\u00e2ches communes, cuisine&#8230; Nous recherchons aussi des comp\u00e9tences et des bras motiv\u00e9s pour r\u00e9aliser quelques travaux dans la maison, afin qu\u2019elle reste accueillante le plus longtemps possible.<\/p>\n<p>&gt; voir <a href=\"https:\/\/levergerdechamplion.org\/?page_id=701\"><strong>le lieu<\/strong><\/a><\/p>\n<p><img title=\"99131863_10223072452818500_185789444727504896_o2\" src=\"https:\/\/levergerdechamplion.org\/wp-content\/uploads\/2020\/06\/99131863_10223072452818500_185789444727504896_o2-608x300.jpg\" alt=\"99131863_10223072452818500_185789444727504896_o2\" \/><\/p>\n<h3 style=\"text-align: center;\" contenteditable=\"true\" data-elementor-setting-key=\"title\" data-pen-placeholder=\"\u00c9crivez ici...\">D\u00e9tente<\/h3>\n<p>\u00a0\u00a0\u00a0\u00a0\u00a0\u00a0\u00a0\u00a0 Le confort ou le r\u00e9confort, les barbecues au soleil, les soir\u00e9es au coin du feu animent et rythment joyeusement les s\u00e9jours et les saisons. Tout au long de l&rsquo;ann\u00e9e, les diff\u00e9rentes \u00e9tapes de la fabrication du cidre sont des \u00e9v\u00e8nements sp\u00e9ciaux, qui donnent l&rsquo;occasion de se r\u00e9unir, tout en d\u00e9gustant la production de l&rsquo;ann\u00e9e pr\u00e9c\u00e9dente.<\/p>\n<p>Les repas sont pr\u00e9par\u00e9s sur place avec les fruits et l\u00e9gumes du jardin. Certaines occasions particuli\u00e8res sont une opportunit\u00e9 pour mettre les petits plats dans les grands. Avec 7 chambres, la maison dispose d\u2019au moins 15 places de couchage pour accueillir le plus grand nombre de visiteurs.<\/p>\n<p>F\u00eates entre amis, vacances au vert, jardinage, r\u00e9visions d\u2019examens au calme\u2026 \u00e0 chacun ses motivations et son savoir-\u00eatre.<\/p>\n<p><img title=\"12232681_10153122450376962_4530176167315119165_o\" src=\"https:\/\/levergerdechamplion.org\/wp-content\/uploads\/2020\/01\/12232681_10153122450376962_4530176167315119165_o.jpg\" alt=\"12232681_10153122450376962_4530176167315119165_o\" \/><\/p>\n<h1 style=\"text-align: center;\">Les moyens humains, le sens de la d\u00e9brouille, joindre l\u2019utile \u00e0 l\u2019agr\u00e9able<\/h1>\n<p>Une page sera bient\u00f4t cr\u00e9\u00e9e pour voir le calendrier des \u00e9v\u00e9nements de Champlion et choisir le s\u00e9jour qui vous convient.<\/p>\n\n\n<div class=\"wp-block-buttons\">\n<div class=\"wp-block-button\"><a class=\"wp-block-button__link\">Adh\u00e9rez \/ Faire un don<\/a><\/div>\n<\/div>\n\n\n\n<p><\/p>\n","protected":false},"excerpt":{"rendered":"<p>Le Verger de Champlion est une association coop\u00e9rative. Elle est n\u00e9e de la volont\u00e9 de maintenir ouverte une maison de [&hellip;]<\/p>\n","protected":false},"author":3823,"featured_media":255,"parent":0,"menu_order":0,"comment_status":"closed","ping_status":"closed","template":"page-templates\/full-width.php","meta":[],"_links":{"self":[{"href":"https:\/\/levergerdechamplion.org\/index.php?rest_route=\/wp\/v2\/pages\/91"}],"collection":[{"href":"https:\/\/levergerdechamplion.org\/index.php?rest_route=\/wp\/v2\/pages"}],"about":[{"href":"https:\/\/levergerdechamplion.org\/index.php?rest_route=\/wp\/v2\/types\/page"}],"author":[{"embeddable":true,"href":"https:\/\/levergerdechamplion.org\/index.php?rest_route=\/wp\/v2\/users\/3823"}],"replies":[{"embeddable":true,"href":"https:\/\/levergerdechamplion.org\/index.php?rest_route=%2Fwp%2Fv2%2Fcomments&post=91"}],"version-history":[{"count":336,"href":"https:\/\/levergerdechamplion.org\/index.php?rest_route=\/wp\/v2\/pages\/91\/revisions"}],"predecessor-version":[{"id":1582,"href":"https:\/\/levergerdechamplion.org\/index.php?rest_route=\/wp\/v2\/pages\/91\/revisions\/1582"}],"wp:featuredmedia":[{"embeddable":true,"href":"https:\/\/levergerdechamplion.org\/index.php?rest_route=\/wp\/v2\/media\/255"}],"wp:attachment":[{"href":"https:\/\/levergerdechamplion.org\/index.php?rest_route=%2Fwp%2Fv2%2Fmedia&parent=91"}],"curies":[{"name":"wp","href":"https:\/\/api.w.org\/{rel}","templated":true}]}}