{"id":701,"date":"2020-02-21T23:22:55","date_gmt":"2020-02-21T22:22:55","guid":{"rendered":"https:\/\/www.levergerdechamplion.org\/?page_id=701"},"modified":"2022-05-27T19:59:54","modified_gmt":"2022-05-27T17:59:54","slug":"le-lieu","status":"publish","type":"page","link":"https:\/\/levergerdechamplion.org\/?page_id=701","title":{"rendered":"Le lieu"},"content":{"rendered":"<p><img loading=\"lazy\" width=\"960\" height=\"389\" src=\"https:\/\/levergerdechamplion.org\/wp-content\/uploads\/2020\/03\/couv1-1024x415.jpg\" alt=\"\" srcset=\"https:\/\/levergerdechamplion.org\/wp-content\/uploads\/2020\/03\/couv1-1024x415.jpg 1024w, https:\/\/levergerdechamplion.org\/wp-content\/uploads\/2020\/03\/couv1-300x122.jpg 300w, https:\/\/levergerdechamplion.org\/wp-content\/uploads\/2020\/03\/couv1-768x311.jpg 768w, https:\/\/levergerdechamplion.org\/wp-content\/uploads\/2020\/03\/couv1-1536x623.jpg 1536w, https:\/\/levergerdechamplion.org\/wp-content\/uploads\/2020\/03\/couv1.jpg 1640w\" sizes=\"(max-width: 960px) 100vw, 960px\" \/>\t\t\t\t\t\t\t\t\t\t\t<\/p>\n<p>A 20km de Coulommiers au c\u0153ur du pays briard, Champlion est un hameau de maisons rustiques entour\u00e9es de prairies plant\u00e9es d&rsquo;arbres fruitiers, une parcelle de campagne et une terre de tranquillit\u00e9 loin du tumulte parisien. C&rsquo;est au c\u0153ur de ce village o\u00f9 le temps est suspendu, que le Verger a ouvert ses portes.<\/p>\n<p>Dans cet eco-syst\u00e8me qui nous rappelle \u00e0 la relation simple de l&rsquo;homme et de la nature, l&rsquo;association offre une escale de s\u00e9r\u00e9nit\u00e9 : le g\u00eete et le couvert \u00e0 qui souhaite venir se d\u00e9tendre au vert \u00e0 1h de Paris, ou pouvoir disposer d\u2019un petit espace de travail, pas forc\u00e9ment accessible en ville. <br \/>Des travaux ext\u00e9rieurs sont en cours, \u00e0 l&rsquo;int\u00e9rieur pr\u00e8s d&rsquo;un si\u00e8cle d&rsquo;attirail et d&rsquo;histoire familiale se trie, jette ou et remet en \u00e9tat pour un vide-grenier participatif et permanent : nous accueillerons aussi les vieilleries des membres qui m\u00e9ritent mieux que la d\u00e9charge publique.<br \/>R\u00e9guliers ou occasionnels, des am\u00e9nagements d\u2019ateliers sont possibles pour des activit\u00e9s personnelles ou professionnelles.<\/p>\n<p>To\u00eet et repas inclus, un adh\u00e9rent peut y s\u00e9journer une semaine compl\u00e8te pour moins de 100\u20ac.<\/p>\n<h1>La maison<\/h1>\n<p>\t\t\t\t\t\t\t\t\t\t<img loading=\"lazy\" width=\"724\" height=\"1024\" src=\"https:\/\/levergerdechamplion.org\/wp-content\/uploads\/2020\/03\/77-plan01a-724x1024.jpg\" alt=\"\" srcset=\"https:\/\/levergerdechamplion.org\/wp-content\/uploads\/2020\/03\/77-plan01a-724x1024.jpg 724w, https:\/\/levergerdechamplion.org\/wp-content\/uploads\/2020\/03\/77-plan01a-212x300.jpg 212w, https:\/\/levergerdechamplion.org\/wp-content\/uploads\/2020\/03\/77-plan01a-768x1086.jpg 768w, https:\/\/levergerdechamplion.org\/wp-content\/uploads\/2020\/03\/77-plan01a-1086x1536.jpg 1086w, https:\/\/levergerdechamplion.org\/wp-content\/uploads\/2020\/03\/77-plan01a-1448x2048.jpg 1448w, https:\/\/levergerdechamplion.org\/wp-content\/uploads\/2020\/03\/77-plan01a-scaled.jpg 1810w\" sizes=\"(max-width: 724px) 100vw, 724px\" \/><br \/>\n\t\t<strong>Rez-de-chauss\u00e9e :<\/strong>Cuisine avec lave-linge et lave-vaisselle,\u00a0vaisselle, si\u00e8ges et tables d&rsquo;appoints pour 20 personnes<br \/>Salle \u00e0 manger pour 12 couverts\u00a0avec chemin\u00e9e <br \/>Salon avec chemin\u00e9e<br \/>Chambre \u00e0 lit double<strong>1er \u00e9tage :<\/strong>3 chambres \u00e0 lit double dont une avec WC et salle de bain<br \/>2 chambres \u00e0 2 et 3 grand lits + lits d&rsquo;appoints et petits lits mobilesSalle de bain avec\u00a0WC\u00a0<strong>2\u00e8me \u00e9tage :<\/strong>2 chambres \u00e0 r\u00e9nover \u00e0 2 grands lits chacune et divers lits d&rsquo;appoints et mobilierSoit plus de 10 places \u00e0 10\u20ac\/nuit + petit-d\u00e9jeuner,&nbsp;hors repas, <br \/>\u00e0 r\u00e9server par les adh\u00e9rents et associations.<br \/>\n&nbsp;<\/p>\n<h1>Le jardin<\/h1>\n<p>\t\t\t\t\t\t\t\t\t\t<img loading=\"lazy\" width=\"990\" height=\"1273\" src=\"https:\/\/levergerdechamplion.org\/wp-content\/uploads\/2020\/03\/Gallerie-hiver.jpg\" alt=\"\" srcset=\"https:\/\/levergerdechamplion.org\/wp-content\/uploads\/2020\/03\/Gallerie-hiver.jpg 990w, https:\/\/levergerdechamplion.org\/wp-content\/uploads\/2020\/03\/Gallerie-hiver-233x300.jpg 233w, https:\/\/levergerdechamplion.org\/wp-content\/uploads\/2020\/03\/Gallerie-hiver-796x1024.jpg 796w, https:\/\/levergerdechamplion.org\/wp-content\/uploads\/2020\/03\/Gallerie-hiver-768x988.jpg 768w\" sizes=\"(max-width: 990px) 100vw, 990px\" \/>\t\t\t\t\t\t\t\t\t\t\t<\/p>\n<ol>\n<li style=\"text-align: left;\">Hiver, verger et potager au repos avec la premi\u00e8re neige de l&rsquo;ann\u00e9e ce 26 f\u00e9vrier 2020<\/li>\n<li style=\"text-align: left;\">R\u00e9coltes d&rsquo;automne dans les bois voisins<\/li>\n<li style=\"text-align: left;\">8 kg sur 2 pieds, premi\u00e8re r\u00e9colte de&nbsp;tomates cocktail&nbsp;au potager, \u00e0&nbsp;la fin de l&rsquo;\u00e9t\u00e9 2019<\/li>\n<li style=\"text-align: left;\">Petite ann\u00e9e pour les pommes : celles-ci auront donn\u00e9 268 litres de jus \u00e0 cidre et 32 litres de jus d\u00e9gust\u00e9 frais dans la semaine du pressage<\/li>\n<\/ol>\n","protected":false},"excerpt":{"rendered":"<p>A 20km de Coulommiers au c\u0153ur du pays briard, Champlion est un hameau de maisons rustiques entour\u00e9es de prairies plant\u00e9es [&hellip;]<\/p>\n","protected":false},"author":3823,"featured_media":0,"parent":0,"menu_order":0,"comment_status":"closed","ping_status":"closed","template":"page-templates\/full-width.php","meta":[],"_links":{"self":[{"href":"https:\/\/levergerdechamplion.org\/index.php?rest_route=\/wp\/v2\/pages\/701"}],"collection":[{"href":"https:\/\/levergerdechamplion.org\/index.php?rest_route=\/wp\/v2\/pages"}],"about":[{"href":"https:\/\/levergerdechamplion.org\/index.php?rest_route=\/wp\/v2\/types\/page"}],"author":[{"embeddable":true,"href":"https:\/\/levergerdechamplion.org\/index.php?rest_route=\/wp\/v2\/users\/3823"}],"replies":[{"embeddable":true,"href":"https:\/\/levergerdechamplion.org\/index.php?rest_route=%2Fwp%2Fv2%2Fcomments&post=701"}],"version-history":[{"count":40,"href":"https:\/\/levergerdechamplion.org\/index.php?rest_route=\/wp\/v2\/pages\/701\/revisions"}],"predecessor-version":[{"id":1093,"href":"https:\/\/levergerdechamplion.org\/index.php?rest_route=\/wp\/v2\/pages\/701\/revisions\/1093"}],"wp:attachment":[{"href":"https:\/\/levergerdechamplion.org\/index.php?rest_route=%2Fwp%2Fv2%2Fmedia&parent=701"}],"curies":[{"name":"wp","href":"https:\/\/api.w.org\/{rel}","templated":true}]}}